{"id":10581,"date":"2025-10-23T08:49:55","date_gmt":"2025-10-23T06:49:55","guid":{"rendered":"https:\/\/vega-avatar.com\/?page_id=10581"},"modified":"2025-10-23T11:19:57","modified_gmt":"2025-10-23T09:19:57","slug":"legal-notice","status":"publish","type":"page","link":"https:\/\/vega-avatar.com\/en\/legal-notice\/","title":{"rendered":"Legal Notice"},"content":{"rendered":"<div data-elementor-type=\"wp-page\" data-elementor-id=\"10581\" class=\"elementor elementor-10581\" data-elementor-post-type=\"page\">\n\t\t\t\t<div class=\"elementor-element elementor-element-6dcaabb e-con-full e-flex e-con e-parent\" data-id=\"6dcaabb\" data-element_type=\"container\" data-settings=\"{&quot;background_background&quot;:&quot;classic&quot;}\">\n\t\t\t\t<div class=\"elementor-element elementor-element-67303fc elementor-invisible elementor-widget elementor-widget-heading\" data-id=\"67303fc\" data-element_type=\"widget\" data-settings=\"{&quot;_animation&quot;:&quot;fadeInUp&quot;}\" data-widget_type=\"heading.default\">\n\t\t\t\t<div class=\"elementor-widget-container\">\n\t\t\t\t\t<h1 class=\"elementor-heading-title elementor-size-default\">LEGAL NOTICE\n<\/h1>\t\t\t\t<\/div>\n\t\t\t\t<\/div>\n\t\t\t\t<div class=\"elementor-element elementor-element-13ea16d elementor-hidden-mobile elementor-invisible elementor-widget elementor-widget-text-editor\" data-id=\"13ea16d\" data-element_type=\"widget\" data-settings=\"{&quot;_animation&quot;:&quot;fadeInUp&quot;,&quot;_animation_delay&quot;:100}\" data-widget_type=\"text-editor.default\">\n\t\t\t\t<div class=\"elementor-widget-container\">\n\t\t\t\t\t\t\t\t\t<div data-id=\"a29478a\" data-element_type=\"column\"><div><div data-id=\"364276f\" data-element_type=\"widget\" data-widget_type=\"text-editor.default\"><div><p>Imascono Art S.L.<\/p><\/div><\/div><\/div><\/div><div class=\"elementor-column elementor-col-50 elementor-inner-column elementor-element elementor-element-da05742\" data-id=\"da05742\" data-element_type=\"column\"><div class=\"elementor-widget-wrap elementor-element-populated\"><div class=\"elementor-element elementor-element-07d140c elementor-align-right imasButton elementor-mobile-align-center elementor-widget elementor-widget-button\" data-id=\"07d140c\" data-element_type=\"widget\" data-widget_type=\"button.default\"><div class=\"elementor-widget-container\"><div class=\"elementor-button-wrapper\">\u00a0<\/div><\/div><\/div><\/div><\/div>\t\t\t\t\t\t\t\t<\/div>\n\t\t\t\t<\/div>\n\t\t<div class=\"elementor-element elementor-element-e7ad5d9 e-flex e-con-boxed e-con e-child\" data-id=\"e7ad5d9\" data-element_type=\"container\">\n\t\t\t\t\t<div class=\"e-con-inner\">\n\t\t\t\t<div class=\"elementor-element elementor-element-b74921a elementor-widget__width-inherit elementor-widget elementor-widget-text-editor\" data-id=\"b74921a\" data-element_type=\"widget\" data-widget_type=\"text-editor.default\">\n\t\t\t\t<div class=\"elementor-widget-container\">\n\t\t\t\t\t\t\t\t\t<p>In compliance with art. 10 of Law 34\/2002, of July 11, 2002, on Information Society Services and Electronic Commerce (LSSI+CE), you are hereby informed:<\/p><div class=\"wpb_text_column wpb_content_element\"><div class=\"wpb_wrapper\"><p>The owner of the website www.imascono.com is:<\/p><p><strong>Corporate Name:<\/strong>\u00a0IMASCONO ART S.L.<br \/><strong>CIF:<\/strong>\u00a0B99299703<br \/><strong>Address:<\/strong>\u00a0C\/ Josefa Amar y Borb\u00f3n 10, 2nd Floor - Office 1, 50001 Zaragoza, Spain<br \/><strong>Phone:<\/strong>\u00a0876283714<br \/><strong>Email:<\/strong>\u00a0hello@imascono.com<br \/><strong>Registration Data:<\/strong>\u00a0Registered in the Mercantile Registry of Zaragoza, in volume 3.816, Fol 77, Page Z-51011, Insc 1.<\/p><p>This Legal Notice is written in Spanish language.<\/p><h3 class=\"visueltBold\">Your Data<\/h3><p>The information or personal data provided by the user will be treated in accordance with the provisions of the Data Protection Policies. By using this website the user consents to the processing of such information and data and declares that all information or data provided are truthful and correspond to reality.<\/p><h3 class=\"visueltBold\">Privacy\/Personal data protection<\/h3><p>IMASCONO ART S.L. complies with the guidelines General Data Protection Regulation (Regulation (EU) 2016\/679) and other regulations in force at all times, and ensures the correct use and processing of the user's personal data.<\/p><p>To do this, along with each form of collection of personal data, in the services that the user can request the company name creator of the website, will inform the user of the existence and acceptance of the specific conditions of the processing of their data in each case, informing the responsibility of the file created, the address of the person responsible, the possibility of exercising their rights of access, rectification, cancellation or opposition, the purpose of processing and data communications to third parties where appropriate.<\/p><p>Also, IMASCONO ART S.L. creator of the website reports that it complies with Law 34\/2002 of July 11, Services of the Information Society and Electronic Commerce and will ask the user to consent to the processing of your email for commercial purposes at all times.<\/p><h3 class=\"visueltBold\">Minors<\/h3><div><p><span lang=\"ES-TRAD\">The contents of the Web Page are directed to persons of legal age. IMASCONO ART S.L. does not intend to obtain data from minors. When IMASCONO ART S.L. becomes aware of the existence in its file of personal data of a minor, it will immediately proceed to cancel such data.<\/span><\/p><h3>User obligations<\/h3><p>The user must respect at all times the terms and conditions established by the website.<\/p><\/div><p>The user will use the website in a diligent manner and assumes any liability that may arise from a breach of the terms and conditions of the website.<\/p><p>The user may not use the website to transmit, store, disseminate, promote or distribute data or content that carries viruses or any other computer code, files or programs designed to interrupt, destroy or impair the operation of any computer or telecommunications program or equipment.<\/p><p>Furthermore, it is strictly forbidden to perform security audits and pentesting exercises on this domain and any of its subdomains.<\/p><h3 class=\"visueltBold\">Industrial and Intellectual Property<\/h3><p>IMASCONO ART S.L. itself or as an assignee, owns all intellectual and industrial property rights of its website, as well as the elements contained therein (including, but not limited to, images, sound, audio, video, software or texts; trademarks or logos, color combinations, structure and design, selection of materials used, computer programs necessary for its operation, access and use, etc.), owned by IMASCONO ART S.L. or its licensors.<\/p><p>Pursuant to the provisions of Articles 8 and 32.1, second paragraph, of the Intellectual Property Law, the reproduction, distribution and public communication, including its mode of making available, of all or part of the contents of this website, for commercial purposes, in any medium and by any technical means, without the authorization of IMASCONO ART S.L., are expressly prohibited without the authorization of IMASCONO ART S.L. All rights reserved.<\/p><p>The USER undertakes to respect the Intellectual and Industrial Property rights owned by IMASCONO ART S.L. The USER may view the elements of the portal and even print, copy and store them on the hard drive of his\/her computer or on any other physical support as long as it is solely and exclusively for his\/her personal and private use. The USER shall refrain from deleting, altering, evading or manipulating any protection device or security system that was installed on the pages of IMASCONO ART S.L.<\/p><h3 class=\"visueltBold\">Right of exclusion<\/h3><div><p><span lang=\"ES-TRAD\">IMASCONO ART S.L. reserves the right to deny or withdraw access to the portal and\/or the services offered without prior notice, at its own request or at the request of a third party, to those users who do not comply with the Terms of Use of the portal.<\/span><\/p><\/div><div><p><span lang=\"ES-TRAD\">IMASCONO ART S.L. will pursue the breach of the Conditions of Use of the portal, as well as any improper use of its portal exercising all civil and criminal actions that may correspond to it by law.<\/span><\/p><h3>Modifications and links<\/h3><p>IMASCONO ART S.L. reserves the right to make unannounced changes it deems appropriate on its website, may change, delete or add content and services it provides and the way in which they are presented or located, as well as in the General Conditions of Contract determined here.<\/p><\/div><p>IMASCONO ART S.L. is not responsible for the misuse of the contents of its website, being the sole responsibility of the person who accesses or uses them.<\/p><p>In the event that the website has links or hyperlinks to other Internet sites, IMASCONO ART S.L. creator of the website will not exercise any control over such sites and content. In no case IMASCONO ART S.L. creator of the website will assume any responsibility for the contents of any link belonging to another website, nor guarantee the technical availability, quality, reliability, accuracy, comprehensiveness, accuracy, veracity, validity and constitutionality of any material or information contained in any such hyperlinks or other Internet sites. Likewise, the inclusion of these external connections does not imply any type of association, merger or participation with the connected entities.<\/p><h3 class=\"visueltBold\">Applicable law and competent jurisdiction<\/h3><div><p><span lang=\"ES-TRAD\">The conditions of use of the Website contained in this Legal Notice, as well as the relationship between the user and IMASCONO ART S.L., shall be governed and interpreted in accordance with Spanish law. For the solution of any conflict that may arise, the user and IMASCONO ART S.L. expressly submit to the competence and jurisdiction of the courts and tribunals of the city of ZARAGOZA, expressly waiving any other jurisdiction that may correspond to them.<\/span><\/p><h3>Contact Form<\/h3><p><strong>Responsible:<\/strong>\u00a0IMASCONO ART S.L.<\/p><\/div><p><strong>Purpose:<\/strong>\u00a0Respond to queries raised by the user and send the requested information.<br \/><strong>Legitimation:<\/strong>\u00a0User consent.<br \/><strong>Target audience:<\/strong>\u00a0Transfers are only made if there is a legal obligation.<br \/><strong>Rights:<\/strong> Access, rectify, and delete, as well as other rights, as indicated in the\u00a0\u00a0<a href=\"https:\/\/vega-avatar.com\/en\/privacy-policy-2\/\" data-wpel-link=\"internal\">Privacy Policy<\/a>*.<\/p><p>You can consult the complete information in our\u00a0 <a href=\"https:\/\/vega-avatar.com\/en\/privacy-policy-2\/\" data-wpel-link=\"internal\">Privacy Policy<\/a>*<\/p><\/div><h3 class=\"wpb_wrapper\">Newsletter Form<\/h3><p><strong>Responsible:<\/strong>\u00a0IMASCONO ART S.L.<\/p><div class=\"wpb_wrapper\"><p><strong>Purpose:<\/strong>\u00a0Manage the user's registration in our newsletter. Once the form has been sent, the user will receive an email with a link to confirm the subscription.<br \/><strong>Legitimation:<\/strong>\u00a0User consent.<br \/><strong>Target audience:<\/strong>\u00a0Transfers are only made if there is a legal obligation.<br \/><strong>Rights:<\/strong> Access, rectify, and delete, as well as other rights, as indicated in the\u00a0 \u00a0<a href=\"https:\/\/vega-avatar.com\/en\/privacy-policy-2\/\" data-wpel-link=\"internal\">Privacy Policy<\/a>*.<\/p><p>You can consult the complete information in our\u00a0 <a href=\"https:\/\/vega-avatar.com\/en\/privacy-policy-2\/\" data-wpel-link=\"internal\">Privacy Policy<\/a>*<\/p><\/div><\/div>\t\t\t\t\t\t\t\t<\/div>\n\t\t\t\t<\/div>\n\t\t\t\t\t<\/div>\n\t\t\t\t<\/div>\n\t\t\t\t<\/div>\n\t\t\t\t<\/div>","protected":false},"excerpt":{"rendered":"<p>AVISO LEGAL Imascono Art S.L. \u00a0 En cumplimiento del art. 10 de la Ley 34\/2002, de 11 de julio, de Servicios de la Sociedad de la Informaci\u00f3n y de Comercio Electr\u00f3nico (LSSI+CE), se le informa: La empresa titular de la p\u00e1gina www.imascono.com es: Denominaci\u00f3n Social:\u00a0IMASCONO ART S.L.CIF:\u00a0B99299703Domicilio:\u00a0C\/ Josefa Amar y Borb\u00f3n 10, Planta 2 \u2013 [&hellip;]<\/p>\n","protected":false},"author":1,"featured_media":0,"parent":0,"menu_order":0,"comment_status":"closed","ping_status":"closed","template":"elementor_header_footer","meta":{"_acf_changed":false,"footnotes":""},"class_list":["post-10581","page","type-page","status-publish","hentry"],"acf":[],"_links":{"self":[{"href":"https:\/\/vega-avatar.com\/en\/wp-json\/wp\/v2\/pages\/10581","targetHints":{"allow":["GET"]}}],"collection":[{"href":"https:\/\/vega-avatar.com\/en\/wp-json\/wp\/v2\/pages"}],"about":[{"href":"https:\/\/vega-avatar.com\/en\/wp-json\/wp\/v2\/types\/page"}],"author":[{"embeddable":true,"href":"https:\/\/vega-avatar.com\/en\/wp-json\/wp\/v2\/users\/1"}],"replies":[{"embeddable":true,"href":"https:\/\/vega-avatar.com\/en\/wp-json\/wp\/v2\/comments?post=10581"}],"version-history":[{"count":0,"href":"https:\/\/vega-avatar.com\/en\/wp-json\/wp\/v2\/pages\/10581\/revisions"}],"wp:attachment":[{"href":"https:\/\/vega-avatar.com\/en\/wp-json\/wp\/v2\/media?parent=10581"}],"curies":[{"name":"wp","href":"https:\/\/api.w.org\/{rel}","templated":true}]}}